{"id":90,"date":"2025-10-30T02:18:22","date_gmt":"2025-10-30T01:18:22","guid":{"rendered":"http:\/\/localhost\/wordpress\/?page_id=90"},"modified":"2026-03-19T16:15:26","modified_gmt":"2026-03-19T15:15:26","slug":"contacto","status":"publish","type":"page","link":"https:\/\/test.asgem.cl\/index.php\/contacto\/","title":{"rendered":"contacto"},"content":{"rendered":"\t\t<div data-elementor-type=\"wp-page\" data-elementor-id=\"90\" class=\"elementor elementor-90\">\n\t\t\t\t<div class=\"elementor-element elementor-element-1969b97 e-flex e-con-boxed e-con e-parent\" data-id=\"1969b97\" data-element_type=\"container\">\n\t\t\t\t\t<div class=\"e-con-inner\">\n\t\t\t\t<div class=\"elementor-element elementor-element-7811851 elementor-widget elementor-widget-html\" data-id=\"7811851\" data-element_type=\"widget\" data-widget_type=\"html.default\">\n\t\t\t\t\t<!-- Secci\u00f3n de Contacto ASGEM -->\r\n<section class=\"contacto-asgem\">\r\n  <!-- Encabezado con fondo azul -->\r\n  <div class=\"contacto-hero\">\r\n    <div class=\"contacto-hero-content\">\r\n      <h1>Cont\u00e1ctanos<\/h1>\r\n      <p>Estamos aqu\u00ed para ayudarte. Ponte en contacto con nosotros y te responderemos a la brevedad.<\/p>\r\n    <\/div>\r\n  <\/div>\r\n\r\n  <!-- Tarjetas de contacto y formulario -->\r\n  <div class=\"contacto-main\">\r\n    <div class=\"contacto-card info\">\r\n      <h3>Informaci\u00f3n de contacto<\/h3>\r\n      <p><i class=\"fa-solid fa-location-dot\"><\/i> Edificio Centro Las Rastras II,30 Oriente #1546 Of 414 Talca<\/p>\r\n      <p><i class=\"fa-solid fa-envelope\"><\/i> asgem@asgem.cl , asgemcapacitacion@gmail.com<\/p>\r\n      <p><i class=\"fa-solid fa-phone\"><\/i> +569 98714903<\/p>\r\n      <p><i class=\"fa-regular fa-clock\"><\/i> Lunes a Viernes, 9:00 - 17:00 hrs<\/p>\r\n      <div class=\"contacto-social\">\r\n        <a href=\"https:\/\/www.facebook.com\/asgemtalca\/?locale=es_LA\"><i class=\"fa-brands fa-facebook-f\"><\/i><\/a>\r\n        <a href=\"https:\/\/cl.linkedin.com\/in\/asgem-limitada-89786b1b9\"><i class=\"fa-brands fa-linkedin-in\"><\/i><\/a>\r\n        <a href=\"https:\/\/wa.me\/56998714903\"><i class=\"fa-brands fa-whatsapp\"><\/i><\/a>\r\n      <\/div>\r\n    <\/div>\r\n\r\n    <div class=\"contacto-card form\">\r\n      <h3>Enviar mensaje<\/h3>\r\n      <form>\r\n        <input type=\"text\" placeholder=\"Tu nombre\" required>\r\n        <input type=\"email\" placeholder=\"Tu correo electr\u00f3nico\" required>\r\n        <textarea placeholder=\"Tu mensaje\" rows=\"5\" required><\/textarea>\r\n        <button type=\"submit\">Enviar mensaje<\/button>\r\n      <\/form>\r\n    <\/div>\r\n  <\/div>\r\n\r\n  <!-- Mapa -->\r\n<div class=\"contacto-mapa\">\r\n  <iframe \r\n    <iframe src=\"https:\/\/www.google.com\/maps\/embed?pb=!1m18!1m12!1m3!1d3251.02738208372!2d-71.62825782336681!3d-35.42935170157128!2m3!1f0!2f0!3f0!3m2!1i1024!2i768!4f13.1!3m3!1m2!1s0x9665c7bfaa96deb3%3A0x1f10c1164bc72e55!2sEdificio%20Central%20Las%20Rastras%20ll!5e0!3m2!1ses!2scl!4v1763425283629!5m2!1ses!2scl\" width=\"600\" height=\"450\" style=\"border:0;\" allowfullscreen=\"\" loading=\"lazy\" referrerpolicy=\"no-referrer-when-downgrade\"><\/iframe>\r\n   \r\n  <\/iframe>\r\n<\/div>\r\n\r\n  <!-- CTA Final -->\r\n  <div class=\"contacto-cta\">\r\n    <h2>\u00bfListo para comunicarte con nosotros?<\/h2>\r\n    <a href=\"https:\/\/wa.me\/56912345678\" target=\"_blank\" class=\"btn-whatsapp\">Hablar por WhatsApp<\/a>\r\n  <\/div>\r\n<\/section>\r\n\r\n<!-- Estilos -->\r\n<style>\r\n@import url('https:\/\/cdnjs.cloudflare.com\/ajax\/libs\/font-awesome\/6.5.0\/css\/all.min.css');\r\n\r\n.contacto-asgem {\r\n  font-family: \"Inter\", sans-serif;\r\n  color: #0a1a2f;\r\n  background: #f9fbff;\r\n  margin: 0;\r\n  padding: 0;\r\n}\r\n\r\n\/* Hero azul con imagen *\/\r\n.contacto-hero {\r\n  background: linear-gradient(rgba(3,33,79,0.8), rgba(3,33,79,0.8)), \r\n              url('\/wp-content\/themes\/tema-asgem\/img\/contacto.jpg');\r\n  background-size: cover;\r\n  background-position: center;\r\n  padding: 100px 20px;\r\n  text-align: center;\r\n  color: #fff;\r\n}\r\n\r\n.contacto-hero h1 {\r\n  font-size: 2.5rem;\r\n  margin-bottom: 10px;\r\n}\r\n\r\n.contacto-hero p {\r\n  font-size: 1.1rem;\r\n  color: #e3e8ff;\r\n  max-width: 650px;\r\n  margin: 0 auto;\r\n}\r\n\r\n\/* Tarjetas principales *\/\r\n.contacto-main {\r\n  display: flex;\r\n  flex-wrap: wrap;\r\n  justify-content: center;\r\n  gap: 30px;\r\n  max-width: 1100px;\r\n  margin: -60px auto 60px;\r\n  padding: 0 20px;\r\n}\r\n\r\n.contacto-card {\r\n  background: #fff;\r\n  border-radius: 14px;\r\n  box-shadow: 0 6px 25px rgba(0,0,0,0.08);\r\n  padding: 30px;\r\n  flex: 1;\r\n  min-width: 300px;\r\n  max-width: 480px;\r\n}\r\n\r\n.contacto-card h3 {\r\n  color: #003c8f;\r\n  margin-bottom: 20px;\r\n}\r\n\r\n.contacto-card p {\r\n  margin-bottom: 12px;\r\n  font-size: 1rem;\r\n  color: #333;\r\n}\r\n\r\n.contacto-card i {\r\n  color: #2563eb;\r\n  margin-right: 8px;\r\n}\r\n\r\n\/* Redes *\/\r\n.contacto-social a {\r\n  display: inline-block;\r\n  background: #003c8f;\r\n  color: #fff;\r\n  margin-right: 10px;\r\n  padding: 10px 12px;\r\n  border-radius: 8px;\r\n  transition: all 0.3s;\r\n}\r\n\r\n.contacto-social a:hover {\r\n  background: #2563eb;\r\n}\r\n\r\n\/* Formulario *\/\r\n.contacto-card form {\r\n  display: flex;\r\n  flex-direction: column;\r\n  gap: 15px;\r\n}\r\n\r\n.contacto-card input,\r\n.contacto-card textarea {\r\n  padding: 12px 15px;\r\n  border: 1px solid #ddd;\r\n  border-radius: 10px;\r\n  font-size: 1rem;\r\n  outline: none;\r\n}\r\n\r\n.contacto-card button {\r\n  background: #2563eb;\r\n  color: #fff;\r\n  border: none;\r\n  border-radius: 10px;\r\n  padding: 12px 20px;\r\n  font-size: 1rem;\r\n  font-weight: 600;\r\n  cursor: pointer;\r\n  transition: all 0.3s ease;\r\n}\r\n\r\n.contacto-card button:hover {\r\n  background: #1e4fcf;\r\n  transform: translateY(-2px);\r\n}\r\n\r\n\/* Mapa *\/\r\n.contacto-mapa {\r\n  max-width: 1000px;\r\n  margin: 0 auto 60px;\r\n  border-radius: 16px;\r\n  overflow: hidden;\r\n  box-shadow: 0 6px 25px rgba(0,0,0,0.1);\r\n}\r\n\r\n\/* CTA final *\/\r\n.contacto-cta {\r\n  text-align: center;\r\n  background: #003c8f;\r\n  color: white;\r\n  padding: 60px 20px;\r\n}\r\n\r\n.contacto-cta h2 {\r\n  font-size: 1.8rem;\r\n  margin-bottom: 20px;\r\n}\r\n\r\n.btn-whatsapp {\r\n  display: inline-block;\r\n  background: #fdd835;\r\n  color: #000;\r\n  padding: 12px 24px;\r\n  border-radius: 10px;\r\n  font-weight: 600;\r\n  text-decoration: none;\r\n  transition: all 0.3s ease;\r\n}\r\n\r\n.btn-whatsapp:hover {\r\n  background: #fff;\r\n  color: #003c8f;\r\n}\r\n\r\n\/* Responsive *\/\r\n@media (max-width: 768px) {\r\n  .contacto-main {\r\n    flex-direction: column;\r\n    margin-top: -30px;\r\n  }\r\n  .contacto-hero {\r\n    padding: 80px 20px;\r\n  }\r\n}\r\n<\/style>\t\t\t\t<\/div>\n\t\t\t\t\t<\/div>\n\t\t\t\t<\/div>\n\t\t\t\t<\/div>\n\t\t","protected":false},"excerpt":{"rendered":"<p>Cont\u00e1ctanos Estamos aqu\u00ed para ayudarte. Ponte en contacto con nosotros y te responderemos a la brevedad. Informaci\u00f3n de contacto Edificio Centro Las Rastras II,30 Oriente #1546 Of 414 Talca asgem@asgem.cl , asgemcapacitacion@gmail.com +569 98714903 Lunes a Viernes, 9:00 &#8211; 17:00 hrs Enviar mensaje Enviar mensaje<\/p>\n","protected":false},"author":1,"featured_media":0,"parent":0,"menu_order":0,"comment_status":"closed","ping_status":"closed","template":"","meta":{"footnotes":""},"class_list":["post-90","page","type-page","status-publish","hentry"],"_links":{"self":[{"href":"https:\/\/test.asgem.cl\/index.php\/wp-json\/wp\/v2\/pages\/90","targetHints":{"allow":["GET"]}}],"collection":[{"href":"https:\/\/test.asgem.cl\/index.php\/wp-json\/wp\/v2\/pages"}],"about":[{"href":"https:\/\/test.asgem.cl\/index.php\/wp-json\/wp\/v2\/types\/page"}],"author":[{"embeddable":true,"href":"https:\/\/test.asgem.cl\/index.php\/wp-json\/wp\/v2\/users\/1"}],"replies":[{"embeddable":true,"href":"https:\/\/test.asgem.cl\/index.php\/wp-json\/wp\/v2\/comments?post=90"}],"version-history":[{"count":21,"href":"https:\/\/test.asgem.cl\/index.php\/wp-json\/wp\/v2\/pages\/90\/revisions"}],"predecessor-version":[{"id":921,"href":"https:\/\/test.asgem.cl\/index.php\/wp-json\/wp\/v2\/pages\/90\/revisions\/921"}],"wp:attachment":[{"href":"https:\/\/test.asgem.cl\/index.php\/wp-json\/wp\/v2\/media?parent=90"}],"curies":[{"name":"wp","href":"https:\/\/api.w.org\/{rel}","templated":true}]}}